{"id":18103,"date":"2023-01-06T15:47:32","date_gmt":"2023-01-06T15:47:32","guid":{"rendered":"https:\/\/adv3dprint.com\/?page_id=18103"},"modified":"2023-09-10T13:48:24","modified_gmt":"2023-09-10T13:48:24","slug":"sobre-nos","status":"publish","type":"page","link":"https:\/\/adv3dprint.com\/de\/sobre-nos\/","title":{"rendered":"\u00dcber uns"},"content":{"rendered":"<div data-elementor-type=\"wp-page\" data-elementor-id=\"18103\" class=\"elementor elementor-18103\" data-elementor-post-type=\"page\">\n\t\t\t\t\t\t<section class=\"elementor-section elementor-top-section elementor-element elementor-element-0cbd599 elementor-section-boxed elementor-section-height-default elementor-section-height-default sc_fly_static\" data-id=\"0cbd599\" data-element_type=\"section\" data-e-type=\"section\">\n\t\t\t\t\t\t<div class=\"elementor-container elementor-column-gap-extended\">\n\t\t\t\t\t<div class=\"elementor-column elementor-col-100 elementor-top-column elementor-element elementor-element-f7c8e03 sc_inner_width_none sc_content_align_inherit sc_layouts_column_icons_position_left sc_fly_static\" data-id=\"f7c8e03\" data-element_type=\"column\" data-e-type=\"column\">\n\t\t\t<div class=\"elementor-widget-wrap elementor-element-populated\">\n\t\t\t\t\t\t<div class=\"elementor-element elementor-element-762ad19 sc_height_medium sc_layouts_hide_on_mobile sc_fly_static elementor-widget elementor-widget-spacer\" data-id=\"762ad19\" data-element_type=\"widget\" data-e-type=\"widget\" data-widget_type=\"spacer.default\">\n\t\t\t\t<div class=\"elementor-widget-container\">\n\t\t\t\t\t\t\t<div class=\"elementor-spacer\">\n\t\t\t<div class=\"elementor-spacer-inner\"><\/div>\n\t\t<\/div>\n\t\t\t\t\t\t<\/div>\n\t\t\t\t<\/div>\n\t\t\t\t<div class=\"elementor-element elementor-element-450dabe sc_fly_static elementor-widget elementor-widget-heading\" data-id=\"450dabe\" data-element_type=\"widget\" data-e-type=\"widget\" data-widget_type=\"heading.default\">\n\t\t\t\t<div class=\"elementor-widget-container\">\n\t\t\t\t\t<h1 class=\"elementor-heading-title elementor-size-default\">\u00dcBER UNS<\/h1>\t\t\t\t<\/div>\n\t\t\t\t<\/div>\n\t\t\t\t<div class=\"elementor-element elementor-element-ab8d518 sc_height_medium sc_fly_static elementor-widget elementor-widget-spacer\" data-id=\"ab8d518\" data-element_type=\"widget\" data-e-type=\"widget\" data-widget_type=\"spacer.default\">\n\t\t\t\t<div class=\"elementor-widget-container\">\n\t\t\t\t\t\t\t<div class=\"elementor-spacer\">\n\t\t\t<div class=\"elementor-spacer-inner\"><\/div>\n\t\t<\/div>\n\t\t\t\t\t\t<\/div>\n\t\t\t\t<\/div>\n\t\t\t\t\t<\/div>\n\t\t<\/div>\n\t\t\t\t\t<\/div>\n\t\t<\/section>\n\t\t\t\t<section class=\"elementor-section elementor-top-section elementor-element elementor-element-553307f1 elementor-section-boxed elementor-section-height-default elementor-section-height-default sc_fly_static\" data-id=\"553307f1\" data-element_type=\"section\" data-e-type=\"section\" data-settings=\"{&quot;background_background&quot;:&quot;classic&quot;}\">\n\t\t\t\t\t\t<div class=\"elementor-container elementor-column-gap-extended\">\n\t\t\t\t\t<div class=\"elementor-column elementor-col-50 elementor-top-column elementor-element elementor-element-3a76c3b8 sc_inner_width_none sc_content_align_inherit sc_layouts_column_icons_position_left sc_fly_static\" data-id=\"3a76c3b8\" data-element_type=\"column\" data-e-type=\"column\">\n\t\t\t<div class=\"elementor-widget-wrap elementor-element-populated\">\n\t\t\t\t\t\t<section class=\"elementor-section elementor-inner-section elementor-element elementor-element-a4fe438 elementor-section-boxed elementor-section-height-default elementor-section-height-default sc_fly_static\" data-id=\"a4fe438\" data-element_type=\"section\" data-e-type=\"section\">\n\t\t\t\t\t\t<div class=\"elementor-container elementor-column-gap-no\">\n\t\t\t\t\t<div class=\"elementor-column elementor-col-100 elementor-inner-column elementor-element elementor-element-3d4845bc sc_inner_width_none sc_content_align_inherit sc_layouts_column_icons_position_left sc_fly_static\" data-id=\"3d4845bc\" data-element_type=\"column\" data-e-type=\"column\">\n\t\t\t<div class=\"elementor-widget-wrap elementor-element-populated\">\n\t\t\t\t\t\t<div class=\"elementor-element elementor-element-39041b89 no-title sc_fly_static elementor-widget elementor-widget-image\" data-id=\"39041b89\" data-element_type=\"widget\" data-e-type=\"widget\" data-widget_type=\"image.default\">\n\t\t\t\t<div class=\"elementor-widget-container\">\n\t\t\t\t\t\t\t\t\t\t\t\t\t\t\t<img fetchpriority=\"high\" decoding=\"async\" width=\"1443\" height=\"2560\" src=\"https:\/\/adv3dprint.com\/wp-content\/uploads\/2023\/08\/P_20211004_165051_vHDR_On_HP-scaled.jpg\" class=\"attachment-full size-full wp-image-23607\" alt=\"ADV 3D Print\" srcset=\"https:\/\/adv3dprint.com\/wp-content\/uploads\/2023\/08\/P_20211004_165051_vHDR_On_HP-scaled.jpg 1443w, https:\/\/adv3dprint.com\/wp-content\/uploads\/2023\/08\/P_20211004_165051_vHDR_On_HP-169x300.jpg 169w, https:\/\/adv3dprint.com\/wp-content\/uploads\/2023\/08\/P_20211004_165051_vHDR_On_HP-577x1024.jpg 577w, https:\/\/adv3dprint.com\/wp-content\/uploads\/2023\/08\/P_20211004_165051_vHDR_On_HP-768x1363.jpg 768w, https:\/\/adv3dprint.com\/wp-content\/uploads\/2023\/08\/P_20211004_165051_vHDR_On_HP-866x1536.jpg 866w, https:\/\/adv3dprint.com\/wp-content\/uploads\/2023\/08\/P_20211004_165051_vHDR_On_HP-1154x2048.jpg 1154w, https:\/\/adv3dprint.com\/wp-content\/uploads\/2023\/08\/P_20211004_165051_vHDR_On_HP-370x657.jpg 370w, https:\/\/adv3dprint.com\/wp-content\/uploads\/2023\/08\/P_20211004_165051_vHDR_On_HP-840x1491.jpg 840w, https:\/\/adv3dprint.com\/wp-content\/uploads\/2023\/08\/P_20211004_165051_vHDR_On_HP-410x728.jpg 410w\" sizes=\"(max-width: 1443px) 100vw, 1443px\" \/>\t\t\t\t\t\t\t\t\t\t\t\t\t\t\t<\/div>\n\t\t\t\t<\/div>\n\t\t\t\t\t<\/div>\n\t\t<\/div>\n\t\t\t\t\t<\/div>\n\t\t<\/section>\n\t\t\t\t\t<\/div>\n\t\t<\/div>\n\t\t\t\t<div class=\"elementor-column elementor-col-50 elementor-top-column elementor-element elementor-element-5de08b73 sc_inner_width_none sc_content_align_inherit sc_layouts_column_icons_position_left sc_fly_static\" data-id=\"5de08b73\" data-element_type=\"column\" data-e-type=\"column\">\n\t\t\t<div class=\"elementor-widget-wrap elementor-element-populated\">\n\t\t\t\t\t\t<div class=\"elementor-element elementor-element-4a3d2005 sc_fly_static elementor-widget elementor-widget-trx_sc_title\" data-id=\"4a3d2005\" data-element_type=\"widget\" data-e-type=\"widget\" data-widget_type=\"trx_sc_title.default\">\n\t\t\t\t<div class=\"elementor-widget-container\">\n\t\t\t\t\t<div\t\tclass=\"sc_title sc_title_default\" ><span class=\"sc_item_subtitle sc_title_subtitle sc_item_subtitle_above sc_item_title_style_default\">Wer wir sind<\/span><h1 class=\"sc_item_title sc_title_title sc_item_title_style_default sc_item_title_tag\"\n\t\t\t><span class=\"sc_item_title_text\">Unser Auftrag und unsere Werte<\/span><\/h1><div class=\"sc_item_descr sc_title_descr\"><p>Wir von Advanced 3D Print haben es uns zur Aufgabe gemacht, personalisierte 3D-Druckl\u00f6sungen f\u00fcr Verbundwerkstoffe anzubieten. Mit unserer breiten Palette an Dienstleistungen, von der 3D-Modellierung \u00fcber das Design bis hin zur Beratung, m\u00f6chten wir mit Ihnen das Potenzial des 3D-Drucks erkunden.<br \/>\nWir legen Wert auf Innovation und Kreativit\u00e4t und sind bestrebt, unsere F\u00e4higkeiten und Kenntnisse im Umgang mit der 3D-Drucktechnologie zu verbessern. Wir sind bestrebt, vertrauensvolle und partnerschaftliche Beziehungen zu unseren Kunden aufzubauen und arbeiten eng zusammen, um au\u00dfergew\u00f6hnliche Ergebnisse zu erzielen. <\/p>\n<\/div><\/div>\t\t\t\t<\/div>\n\t\t\t\t<\/div>\n\t\t\t\t<div class=\"elementor-element elementor-element-753a781c sc_fly_static elementor-widget elementor-widget-spacer\" data-id=\"753a781c\" data-element_type=\"widget\" data-e-type=\"widget\" data-widget_type=\"spacer.default\">\n\t\t\t\t<div class=\"elementor-widget-container\">\n\t\t\t\t\t\t\t<div class=\"elementor-spacer\">\n\t\t\t<div class=\"elementor-spacer-inner\"><\/div>\n\t\t<\/div>\n\t\t\t\t\t\t<\/div>\n\t\t\t\t<\/div>\n\t\t\t\t<div class=\"elementor-element elementor-element-7cd3741 no-title sc_fly_static elementor-widget elementor-widget-image\" data-id=\"7cd3741\" data-element_type=\"widget\" data-e-type=\"widget\" data-widget_type=\"image.default\">\n\t\t\t\t<div class=\"elementor-widget-container\">\n\t\t\t\t\t\t\t\t\t\t\t\t\t\t\t<img decoding=\"async\" width=\"2560\" height=\"1280\" src=\"https:\/\/adv3dprint.com\/wp-content\/uploads\/2023\/08\/IMG_20220505_140240-scaled.jpg\" class=\"attachment-full size-full wp-image-23608\" alt=\"ADV 3D Print\" srcset=\"https:\/\/adv3dprint.com\/wp-content\/uploads\/2023\/08\/IMG_20220505_140240-scaled.jpg 2560w, https:\/\/adv3dprint.com\/wp-content\/uploads\/2023\/08\/IMG_20220505_140240-300x150.jpg 300w, https:\/\/adv3dprint.com\/wp-content\/uploads\/2023\/08\/IMG_20220505_140240-1024x512.jpg 1024w, https:\/\/adv3dprint.com\/wp-content\/uploads\/2023\/08\/IMG_20220505_140240-768x384.jpg 768w, https:\/\/adv3dprint.com\/wp-content\/uploads\/2023\/08\/IMG_20220505_140240-1536x768.jpg 1536w, https:\/\/adv3dprint.com\/wp-content\/uploads\/2023\/08\/IMG_20220505_140240-2048x1024.jpg 2048w, https:\/\/adv3dprint.com\/wp-content\/uploads\/2023\/08\/IMG_20220505_140240-370x185.jpg 370w, https:\/\/adv3dprint.com\/wp-content\/uploads\/2023\/08\/IMG_20220505_140240-840x420.jpg 840w, https:\/\/adv3dprint.com\/wp-content\/uploads\/2023\/08\/IMG_20220505_140240-410x205.jpg 410w\" sizes=\"(max-width: 2560px) 100vw, 2560px\" \/>\t\t\t\t\t\t\t\t\t\t\t\t\t\t\t<\/div>\n\t\t\t\t<\/div>\n\t\t\t\t\t<\/div>\n\t\t<\/div>\n\t\t\t\t\t<\/div>\n\t\t<\/section>\n\t\t\t\t<section class=\"elementor-section elementor-top-section elementor-element elementor-element-e22579f elementor-section-boxed elementor-section-height-default elementor-section-height-default sc_fly_static\" data-id=\"e22579f\" data-element_type=\"section\" data-e-type=\"section\">\n\t\t\t\t\t\t<div class=\"elementor-container elementor-column-gap-extended\">\n\t\t\t\t\t<div class=\"elementor-column elementor-col-100 elementor-top-column elementor-element elementor-element-d9fdc42 sc_inner_width_none sc_content_align_inherit sc_layouts_column_icons_position_left sc_fly_static\" data-id=\"d9fdc42\" data-element_type=\"column\" data-e-type=\"column\">\n\t\t\t<div class=\"elementor-widget-wrap elementor-element-populated\">\n\t\t\t\t\t\t<div class=\"elementor-element elementor-element-ef494d8 sc_height_medium sc_fly_static elementor-widget elementor-widget-spacer\" data-id=\"ef494d8\" data-element_type=\"widget\" data-e-type=\"widget\" data-widget_type=\"spacer.default\">\n\t\t\t\t<div class=\"elementor-widget-container\">\n\t\t\t\t\t\t\t<div class=\"elementor-spacer\">\n\t\t\t<div class=\"elementor-spacer-inner\"><\/div>\n\t\t<\/div>\n\t\t\t\t\t\t<\/div>\n\t\t\t\t<\/div>\n\t\t\t\t\t<\/div>\n\t\t<\/div>\n\t\t\t\t\t<\/div>\n\t\t<\/section>\n\t\t<div class=\"elementor-element elementor-element-32a9485 e-flex e-con-boxed e-con e-parent\" data-id=\"32a9485\" data-element_type=\"container\" data-e-type=\"container\">\n\t\t\t\t\t<div class=\"e-con-inner\">\n\t\t\t\t<div class=\"elementor-element elementor-element-b810bf6 sc_fly_static elementor-widget elementor-widget-trx_sc_title\" data-id=\"b810bf6\" data-element_type=\"widget\" data-e-type=\"widget\" data-widget_type=\"trx_sc_title.default\">\n\t\t\t\t<div class=\"elementor-widget-container\">\n\t\t\t\t\t<div\t\tclass=\"sc_title sc_title_default\" ><span class=\"sc_item_subtitle sc_title_subtitle sc_align_center sc_item_subtitle_above sc_item_title_style_default\">Lernen Sie uns kennen<\/span><h1 class=\"sc_item_title sc_title_title sc_align_center sc_item_title_style_default sc_item_title_tag\"\n\t\t\t><span class=\"sc_item_title_text\">Unser Team<\/span><\/h1><\/div>\t\t\t\t<\/div>\n\t\t\t\t<\/div>\n\t\t\t\t\t<\/div>\n\t\t\t\t<\/div>\n\t\t\t\t<section class=\"elementor-section elementor-top-section elementor-element elementor-element-31835ef elementor-section-boxed elementor-section-height-default elementor-section-height-default sc_fly_static\" data-id=\"31835ef\" data-element_type=\"section\" data-e-type=\"section\">\n\t\t\t\t\t\t<div class=\"elementor-container elementor-column-gap-extended\">\n\t\t\t\t\t<div class=\"elementor-column elementor-col-100 elementor-top-column elementor-element elementor-element-83f1988 sc_inner_width_none sc_content_align_inherit sc_layouts_column_icons_position_left sc_fly_static\" data-id=\"83f1988\" data-element_type=\"column\" data-e-type=\"column\">\n\t\t\t<div class=\"elementor-widget-wrap elementor-element-populated\">\n\t\t\t\t\t\t<div class=\"elementor-element elementor-element-b503106 sc_height_tiny sc_fly_static elementor-widget elementor-widget-spacer\" data-id=\"b503106\" data-element_type=\"widget\" data-e-type=\"widget\" data-widget_type=\"spacer.default\">\n\t\t\t\t<div class=\"elementor-widget-container\">\n\t\t\t\t\t\t\t<div class=\"elementor-spacer\">\n\t\t\t<div class=\"elementor-spacer-inner\"><\/div>\n\t\t<\/div>\n\t\t\t\t\t\t<\/div>\n\t\t\t\t<\/div>\n\t\t\t\t<div class=\"elementor-element elementor-element-3226f12 elementor-widget-tablet__width-initial sc_fly_static elementor-widget elementor-widget-text-editor\" data-id=\"3226f12\" data-element_type=\"widget\" data-e-type=\"widget\" data-widget_type=\"text-editor.default\">\n\t\t\t\t<div class=\"elementor-widget-container\">\n\t\t\t\t\t\t\t\t\t<p>Bei Advanced 3D Print besteht unser Team aus Fachleuten, die sich f\u00fcr den 3D-Druck begeistern. Wir arbeiten jeden Tag mit Ihnen zusammen, um Ihre Ideen in die Realit\u00e4t umzusetzen.<\/p>\t\t\t\t\t\t\t\t<\/div>\n\t\t\t\t<\/div>\n\t\t\t\t\t<\/div>\n\t\t<\/div>\n\t\t\t\t\t<\/div>\n\t\t<\/section>\n\t\t\t\t<section class=\"elementor-section elementor-top-section elementor-element elementor-element-1b2b16c elementor-section-boxed elementor-section-height-default elementor-section-height-default sc_fly_static\" data-id=\"1b2b16c\" data-element_type=\"section\" data-e-type=\"section\" data-settings=\"{&quot;background_background&quot;:&quot;classic&quot;}\">\n\t\t\t\t\t\t<div class=\"elementor-container elementor-column-gap-extended\">\n\t\t\t\t\t<div class=\"elementor-column elementor-col-100 elementor-top-column elementor-element elementor-element-917b114 sc_inner_width_none sc_content_align_inherit sc_layouts_column_icons_position_left sc_fly_static\" data-id=\"917b114\" data-element_type=\"column\" data-e-type=\"column\">\n\t\t\t<div class=\"elementor-widget-wrap elementor-element-populated\">\n\t\t\t\t\t\t<div class=\"elementor-element elementor-element-ad60ed1 sc_fly_static elementor-widget elementor-widget-spacer\" data-id=\"ad60ed1\" data-element_type=\"widget\" data-e-type=\"widget\" data-widget_type=\"spacer.default\">\n\t\t\t\t<div class=\"elementor-widget-container\">\n\t\t\t\t\t\t\t<div class=\"elementor-spacer\">\n\t\t\t<div class=\"elementor-spacer-inner\"><\/div>\n\t\t<\/div>\n\t\t\t\t\t\t<\/div>\n\t\t\t\t<\/div>\n\t\t\t\t<div class=\"elementor-element elementor-element-6e9c8e0 sc_fly_static elementor-widget elementor-widget-trx_sc_team\" data-id=\"6e9c8e0\" data-element_type=\"widget\" data-e-type=\"widget\" data-widget_type=\"trx_sc_team.default\">\n\t\t\t\t<div class=\"elementor-widget-container\">\n\t\t\t\t\t<div \t\tclass=\"sc_team sc_team_3d-simple\"><div class=\"sc_team_columns_wrap sc_item_columns sc_item_posts_container trx_addons_columns_wrap columns_padding_bottom columns_in_single_row\"><div class=\"trx_addons_column-1_3 trx_addons_column-1_3-tablet trx_addons_column-1_2-mobile\"><div data-post-id=\"1164\" class=\"sc_team_item sc_item_container post_container start-inner-3d no_links post-1164 cpt_team type-cpt_team status-publish has-post-thumbnail hentry cpt_team_group-a-nossa-equipa\">\r\n\t<div class=\"post_featured sc_team_item_thumb trx_addons_hover trx_addons_hover_style_info_anim\"><img decoding=\"async\" width=\"570\" height=\"591\" src=\"https:\/\/adv3dprint.com\/wp-content\/uploads\/2023\/09\/Carlos-Simoes-570x591.jpg\" class=\"attachment-printo-thumb-rectangle size-printo-thumb-rectangle wp-post-image\" alt=\"Carlos Sim\u00f5es - S\u00f3cio-gerente\" \/><a class=\"post_link sc_team_item_link\" href=\"https:\/\/adv3dprint.com\/de\/team\/carlos-simoes\/\"><\/a><div class=\"trx_addons_hover_mask\"><\/div><\/div>\t<div class=\"sc_team_item_info\">\r\n\t\t<div class=\"sc_team_item_header\">\r\n\t\t\t<h4 class=\"sc_team_item_title entry-title\"><a href=\"https:\/\/adv3dprint.com\/de\/team\/carlos-simoes\/\">Carlos Sim\u00f5es<\/a><\/h4>\r\n\t\t\t<div class=\"sc_team_item_subtitle\">Gesch\u00e4ftsf\u00fchrender Gesellschafter<\/div>\t\t<\/div>\r\n\t\t\t\t\t<div class=\"trx_addons_hover_team\"><div class=\"sc_team_item_socials socials_wrap trx_addons_hover_info\"> <a target=\"_blank\" href=\"tel:910 124 781\" class=\"social_item social_item_style_icons sc_icon_type_icons social_item_type_icons\"><span class=\"social_icon social_icon_telegram\" style=\"\"><span class=\"icon-telegram\"><\/span><\/span><\/a><a target=\"_blank\" href=\"mailto:csimoes@adv3dprint.com\" class=\"social_item social_item_style_icons sc_icon_type_icons social_item_type_icons\"><span class=\"social_icon social_icon_email\" style=\"\"><span class=\"icon-email\"><\/span><\/span><\/a><\/div><\/div>\r\n\t\t\t\t<\/div>\r\n\r\n<\/div>\r\n<\/div><div class=\"trx_addons_column-1_3 trx_addons_column-1_3-tablet trx_addons_column-1_2-mobile\"><div data-post-id=\"1163\" class=\"sc_team_item sc_item_container post_container start-inner-3d no_links post-1163 cpt_team type-cpt_team status-publish has-post-thumbnail hentry cpt_team_group-a-nossa-equipa\">\r\n\t<div class=\"post_featured sc_team_item_thumb trx_addons_hover trx_addons_hover_style_info_anim\"><img loading=\"lazy\" decoding=\"async\" width=\"570\" height=\"591\" src=\"https:\/\/adv3dprint.com\/wp-content\/uploads\/2023\/09\/Liliana-Ferreira-570x591.jpg\" class=\"attachment-printo-thumb-rectangle size-printo-thumb-rectangle wp-post-image\" alt=\"Liliana Ferreira - Especialista em Publicidade e Marketing\" \/><a class=\"post_link sc_team_item_link\" href=\"https:\/\/adv3dprint.com\/de\/team\/liliana-ferreira\/\"><\/a><div class=\"trx_addons_hover_mask\"><\/div><\/div>\t<div class=\"sc_team_item_info\">\r\n\t\t<div class=\"sc_team_item_header\">\r\n\t\t\t<h4 class=\"sc_team_item_title entry-title\"><a href=\"https:\/\/adv3dprint.com\/de\/team\/liliana-ferreira\/\">Liliana Ferreira<\/a><\/h4>\r\n\t\t\t<div class=\"sc_team_item_subtitle\">Spezialist f\u00fcr Werbung und Marketing<\/div>\t\t<\/div>\r\n\t\t\t\t\t<div class=\"trx_addons_hover_team\"><div class=\"sc_team_item_socials socials_wrap trx_addons_hover_info\"> <a target=\"_blank\" href=\"mailto:marketing@adv3dprint.com\" class=\"social_item social_item_style_icons sc_icon_type_icons social_item_type_icons\"><span class=\"social_icon social_icon_email\" style=\"\"><span class=\"icon-email\"><\/span><\/span><\/a><a target=\"_blank\" href=\"https:\/\/www.linkedin.com\/in\/liliana-ferreira-0196801a4\/\" class=\"social_item social_item_style_icons sc_icon_type_icons social_item_type_icons\"><span class=\"social_icon social_icon_linkedin\" style=\"\"><span class=\"icon-linkedin\"><\/span><\/span><\/a><\/div><\/div>\r\n\t\t\t\t<\/div>\r\n\r\n<\/div>\r\n<\/div><div class=\"trx_addons_column-1_3 trx_addons_column-1_3-tablet trx_addons_column-1_2-mobile\"><div data-post-id=\"1162\" class=\"sc_team_item sc_item_container post_container start-inner-3d no_links post-1162 cpt_team type-cpt_team status-publish has-post-thumbnail hentry cpt_team_group-a-nossa-equipa\">\r\n\t<div class=\"post_featured sc_team_item_thumb trx_addons_hover trx_addons_hover_style_info_anim\"><img loading=\"lazy\" decoding=\"async\" width=\"570\" height=\"591\" src=\"https:\/\/adv3dprint.com\/wp-content\/uploads\/2023\/09\/Antonio-Vieira-570x591.jpg\" class=\"attachment-printo-thumb-rectangle size-printo-thumb-rectangle wp-post-image\" alt=\"Ant\u00f3nio Vieira - Business Technician\" \/><a class=\"post_link sc_team_item_link\" href=\"https:\/\/adv3dprint.com\/de\/team\/antonio-vieira\/\"><\/a><div class=\"trx_addons_hover_mask\"><\/div><\/div>\t<div class=\"sc_team_item_info\">\r\n\t\t<div class=\"sc_team_item_header\">\r\n\t\t\t<h4 class=\"sc_team_item_title entry-title\"><a href=\"https:\/\/adv3dprint.com\/de\/team\/antonio-vieira\/\">Ant\u00f3nio Vieira<\/a><\/h4>\r\n\t\t\t<div class=\"sc_team_item_subtitle\">Kaufm\u00e4nnischer Techniker<\/div>\t\t<\/div>\r\n\t\t\t\t\t<div class=\"trx_addons_hover_team\"><div class=\"sc_team_item_socials socials_wrap trx_addons_hover_info\"> <a target=\"_blank\" href=\"mailto:tecnico.comercial@adv3dprint.com\" class=\"social_item social_item_style_icons sc_icon_type_icons social_item_type_icons\"><span class=\"social_icon social_icon_email\" style=\"\"><span class=\"icon-email\"><\/span><\/span><\/a><a target=\"_blank\" href=\"https:\/\/www.linkedin.com\/in\/ant%C3%B3nio-vieira-30b89220a\/\" class=\"social_item social_item_style_icons sc_icon_type_icons social_item_type_icons\"><span class=\"social_icon social_icon_linkedin\" style=\"\"><span class=\"icon-linkedin\"><\/span><\/span><\/a><\/div><\/div>\r\n\t\t\t\t<\/div>\r\n\r\n<\/div>\r\n<\/div><\/div><\/div>\t\t\t\t<\/div>\n\t\t\t\t<\/div>\n\t\t\t\t<div class=\"elementor-element elementor-element-375e7ff sc_height_huge sc_fly_static elementor-widget elementor-widget-spacer\" data-id=\"375e7ff\" data-element_type=\"widget\" data-e-type=\"widget\" data-widget_type=\"spacer.default\">\n\t\t\t\t<div class=\"elementor-widget-container\">\n\t\t\t\t\t\t\t<div class=\"elementor-spacer\">\n\t\t\t<div class=\"elementor-spacer-inner\"><\/div>\n\t\t<\/div>\n\t\t\t\t\t\t<\/div>\n\t\t\t\t<\/div>\n\t\t\t\t\t<\/div>\n\t\t<\/div>\n\t\t\t\t\t<\/div>\n\t\t<\/section>\n\t\t\t\t<\/div>","protected":false},"excerpt":{"rendered":"<p>\u00dcBER UNS Wer wir sind Unsere Mission und Werte Wir von Advanced 3D Print haben es uns zur Aufgabe gemacht, ma\u00dfgeschneiderte 3D-Druckl\u00f6sungen f\u00fcr Verbundwerkstoffe anzubieten. Durch...<\/p>","protected":false},"author":1,"featured_media":0,"parent":0,"menu_order":0,"comment_status":"closed","ping_status":"closed","template":"","meta":{"footnotes":""},"class_list":["post-18103","page","type-page","status-publish","hentry"],"_links":{"self":[{"href":"https:\/\/adv3dprint.com\/de\/wp-json\/wp\/v2\/pages\/18103","targetHints":{"allow":["GET"]}}],"collection":[{"href":"https:\/\/adv3dprint.com\/de\/wp-json\/wp\/v2\/pages"}],"about":[{"href":"https:\/\/adv3dprint.com\/de\/wp-json\/wp\/v2\/types\/page"}],"author":[{"embeddable":true,"href":"https:\/\/adv3dprint.com\/de\/wp-json\/wp\/v2\/users\/1"}],"replies":[{"embeddable":true,"href":"https:\/\/adv3dprint.com\/de\/wp-json\/wp\/v2\/comments?post=18103"}],"version-history":[{"count":51,"href":"https:\/\/adv3dprint.com\/de\/wp-json\/wp\/v2\/pages\/18103\/revisions"}],"predecessor-version":[{"id":24040,"href":"https:\/\/adv3dprint.com\/de\/wp-json\/wp\/v2\/pages\/18103\/revisions\/24040"}],"wp:attachment":[{"href":"https:\/\/adv3dprint.com\/de\/wp-json\/wp\/v2\/media?parent=18103"}],"curies":[{"name":"wp","href":"https:\/\/api.w.org\/{rel}","templated":true}]}}