{"id":24393,"date":"2023-11-20T22:19:29","date_gmt":"2023-11-20T22:19:29","guid":{"rendered":"https:\/\/adv3dprint.com\/?page_id=24393"},"modified":"2023-11-22T18:08:36","modified_gmt":"2023-11-22T18:08:36","slug":"obrigado-por-se-conectar-connosco","status":"publish","type":"page","link":"https:\/\/adv3dprint.com\/en\/obrigado-por-se-conectar-connosco\/","title":{"rendered":"Obrigado por se conectar connosco!"},"content":{"rendered":"<div data-elementor-type=\"wp-page\" data-elementor-id=\"24393\" class=\"elementor elementor-24393\" data-elementor-post-type=\"page\">\n\t\t\t\t<div class=\"elementor-element elementor-element-6ac9f2a5 e-flex e-con-boxed e-con e-parent\" data-id=\"6ac9f2a5\" data-element_type=\"container\" data-e-type=\"container\">\n\t\t\t\t\t<div class=\"e-con-inner\">\n\t\t\t\t<div class=\"elementor-element elementor-element-45bb4501 sc_fly_static elementor-widget elementor-widget-text-editor\" data-id=\"45bb4501\" data-element_type=\"widget\" data-e-type=\"widget\" data-widget_type=\"text-editor.default\">\n\t\t\t\t<div class=\"elementor-widget-container\">\n\t\t\t\t\t\t\t\t\t<p><img fetchpriority=\"high\" decoding=\"async\" class=\"wp-image-22576 aligncenter\" src=\"https:\/\/adv3dprint.com\/wp-content\/uploads\/2023\/05\/cropped-logo.png\" alt=\"\" width=\"418\" height=\"221\" srcset=\"https:\/\/adv3dprint.com\/wp-content\/uploads\/2023\/05\/cropped-logo.png 584w, https:\/\/adv3dprint.com\/wp-content\/uploads\/2023\/05\/cropped-logo-300x159.png 300w, https:\/\/adv3dprint.com\/wp-content\/uploads\/2023\/05\/cropped-logo-370x196.png 370w, https:\/\/adv3dprint.com\/wp-content\/uploads\/2023\/05\/cropped-logo-410x217.png 410w\" sizes=\"(max-width: 600px) 100vw, 418px\" \/><\/p><p>\u00a0<\/p><p>Thank you for contacting us! Your message is very important and will be treated with special attention by our team. We'll be in touch shortly to resolve any issues you've sent us. Thank you again for choosing our company and we look forward to serving you better.<\/p>\t\t\t\t\t\t\t\t<\/div>\n\t\t\t\t<\/div>\n\t\t\t\t<div class=\"elementor-element elementor-element-302b5c4 sc_fly_static elementor-widget elementor-widget-spacer\" data-id=\"302b5c4\" data-element_type=\"widget\" data-e-type=\"widget\" data-widget_type=\"spacer.default\">\n\t\t\t\t<div class=\"elementor-widget-container\">\n\t\t\t\t\t\t\t<div class=\"elementor-spacer\">\n\t\t\t<div class=\"elementor-spacer-inner\"><\/div>\n\t\t<\/div>\n\t\t\t\t\t\t<\/div>\n\t\t\t\t<\/div>\n\t\t\t\t\t<\/div>\n\t\t\t\t<\/div>\n\t\t<div class=\"elementor-element elementor-element-80cc5ed e-flex e-con-boxed e-con e-parent\" data-id=\"80cc5ed\" data-element_type=\"container\" data-e-type=\"container\">\n\t\t\t\t\t<div class=\"e-con-inner\">\n\t\t<div class=\"elementor-element elementor-element-7d24e9a e-con-full e-flex e-con e-child\" data-id=\"7d24e9a\" data-element_type=\"container\" data-e-type=\"container\">\n\t\t\t\t<\/div>\n\t\t<div class=\"elementor-element elementor-element-84a626f e-con-full e-flex e-con e-child\" data-id=\"84a626f\" data-element_type=\"container\" data-e-type=\"container\">\n\t\t\t\t<div class=\"elementor-element elementor-element-85ae26a sc_fly_static elementor-widget elementor-widget-trx_sc_button\" data-id=\"85ae26a\" data-element_type=\"widget\" data-e-type=\"widget\" data-widget_type=\"trx_sc_button.default\">\n\t\t\t\t<div class=\"elementor-widget-container\">\n\t\t\t\t\t<div\tclass=\"sc_item_button sc_button_wrap sc_align_center\" ><a href=\"https:\/\/adv3dprint.com\/en\/\" class=\"sc_button sc_button_default sc_button_size_normal sc_button_icon_left\" ><span class=\"sc_button_text\"><span class=\"sc_button_title\">Back to website<\/span><\/span><\/a><\/div>\t\t\t\t<\/div>\n\t\t\t\t<\/div>\n\t\t\t\t<\/div>\n\t\t<div class=\"elementor-element elementor-element-56c1d55 e-con-full e-flex e-con e-child\" data-id=\"56c1d55\" data-element_type=\"container\" data-e-type=\"container\">\n\t\t\t\t<\/div>\n\t\t\t\t\t<\/div>\n\t\t\t\t<\/div>\n\t\t\t\t<\/div>","protected":false},"excerpt":{"rendered":"<p>\u00a0 Agradecemos por entrar em contato connosco! A sua mensagem \u00e9 muito importante e ser\u00e1 tratada com especial aten\u00e7\u00e3o pela nossa equipa. Em breve, entraremos em contato para resolver qualquer&hellip;<\/p>","protected":false},"author":1,"featured_media":0,"parent":0,"menu_order":0,"comment_status":"closed","ping_status":"closed","template":"","meta":{"footnotes":""},"class_list":["post-24393","page","type-page","status-publish","hentry"],"_links":{"self":[{"href":"https:\/\/adv3dprint.com\/en\/wp-json\/wp\/v2\/pages\/24393","targetHints":{"allow":["GET"]}}],"collection":[{"href":"https:\/\/adv3dprint.com\/en\/wp-json\/wp\/v2\/pages"}],"about":[{"href":"https:\/\/adv3dprint.com\/en\/wp-json\/wp\/v2\/types\/page"}],"author":[{"embeddable":true,"href":"https:\/\/adv3dprint.com\/en\/wp-json\/wp\/v2\/users\/1"}],"replies":[{"embeddable":true,"href":"https:\/\/adv3dprint.com\/en\/wp-json\/wp\/v2\/comments?post=24393"}],"version-history":[{"count":15,"href":"https:\/\/adv3dprint.com\/en\/wp-json\/wp\/v2\/pages\/24393\/revisions"}],"predecessor-version":[{"id":24413,"href":"https:\/\/adv3dprint.com\/en\/wp-json\/wp\/v2\/pages\/24393\/revisions\/24413"}],"wp:attachment":[{"href":"https:\/\/adv3dprint.com\/en\/wp-json\/wp\/v2\/media?parent=24393"}],"curies":[{"name":"wp","href":"https:\/\/api.w.org\/{rel}","templated":true}]}}