{"id":23466,"date":"2023-07-24T18:41:44","date_gmt":"2023-07-24T18:41:44","guid":{"rendered":"https:\/\/adv3dprint.com\/?page_id=23466"},"modified":"2023-07-24T20:14:39","modified_gmt":"2023-07-24T20:14:39","slug":"teste-artigo-portfolio","status":"publish","type":"page","link":"https:\/\/adv3dprint.com\/es\/teste-artigo-portfolio\/","title":{"rendered":"Teste artigo portfolio"},"content":{"rendered":"<div data-elementor-type=\"wp-page\" data-elementor-id=\"23466\" class=\"elementor elementor-23466\" data-elementor-post-type=\"page\">\n\t\t\t\t<div class=\"elementor-element elementor-element-a048075 e-flex e-con-boxed e-con e-parent\" data-id=\"a048075\" data-element_type=\"container\" data-e-type=\"container\">\n\t\t\t\t\t<div class=\"e-con-inner\">\n\t\t\t\t<div class=\"elementor-element elementor-element-1536555 sc_fly_static elementor-widget elementor-widget-heading\" data-id=\"1536555\" data-element_type=\"widget\" data-e-type=\"widget\" data-widget_type=\"heading.default\">\n\t\t\t\t<div class=\"elementor-widget-container\">\n\t\t\t\t\t<h1 class=\"elementor-heading-title elementor-size-xxl\">T\u00edtulo del proyecto<\/h1>\t\t\t\t<\/div>\n\t\t\t\t<\/div>\n\t\t\t\t\t<\/div>\n\t\t\t\t<\/div>\n\t\t<div class=\"elementor-element elementor-element-f70e542 e-flex e-con-boxed e-con e-parent\" data-id=\"f70e542\" data-element_type=\"container\" data-e-type=\"container\">\n\t\t\t\t\t<div class=\"e-con-inner\">\n\t\t<div class=\"elementor-element elementor-element-c1e0613 e-con-full e-flex e-con e-child\" data-id=\"c1e0613\" data-element_type=\"container\" data-e-type=\"container\">\n\t\t\t\t<div class=\"elementor-element elementor-element-05441f5 sc_fly_static elementor-widget elementor-widget-image\" data-id=\"05441f5\" data-element_type=\"widget\" data-e-type=\"widget\" data-widget_type=\"image.default\">\n\t\t\t\t<div class=\"elementor-widget-container\">\n\t\t\t\t\t\t\t\t\t\t\t\t\t\t\t<img fetchpriority=\"high\" decoding=\"async\" width=\"1024\" height=\"768\" src=\"https:\/\/adv3dprint.com\/wp-content\/uploads\/2023\/05\/IMG_8091-1-1024x768.jpeg\" class=\"attachment-large size-large wp-image-22562\" alt=\"\" srcset=\"https:\/\/adv3dprint.com\/wp-content\/uploads\/2023\/05\/IMG_8091-1-1024x768.jpeg 1024w, https:\/\/adv3dprint.com\/wp-content\/uploads\/2023\/05\/IMG_8091-1-300x225.jpeg 300w, https:\/\/adv3dprint.com\/wp-content\/uploads\/2023\/05\/IMG_8091-1-768x576.jpeg 768w, https:\/\/adv3dprint.com\/wp-content\/uploads\/2023\/05\/IMG_8091-1-1536x1152.jpeg 1536w, https:\/\/adv3dprint.com\/wp-content\/uploads\/2023\/05\/IMG_8091-1-2048x1536.jpeg 2048w, https:\/\/adv3dprint.com\/wp-content\/uploads\/2023\/05\/IMG_8091-1-370x278.jpeg 370w, https:\/\/adv3dprint.com\/wp-content\/uploads\/2023\/05\/IMG_8091-1-840x630.jpeg 840w, https:\/\/adv3dprint.com\/wp-content\/uploads\/2023\/05\/IMG_8091-1-410x308.jpeg 410w\" sizes=\"(max-width: 1024px) 100vw, 1024px\" \/>\t\t\t\t\t\t\t\t\t\t\t\t\t\t\t<\/div>\n\t\t\t\t<\/div>\n\t\t\t\t<\/div>\n\t\t<div class=\"elementor-element elementor-element-d25e09c e-con-full e-flex e-con e-child\" data-id=\"d25e09c\" data-element_type=\"container\" data-e-type=\"container\">\n\t\t\t\t<div class=\"elementor-element elementor-element-d5a2cd1 sc_fly_static elementor-widget elementor-widget-heading\" data-id=\"d5a2cd1\" data-element_type=\"widget\" data-e-type=\"widget\" data-widget_type=\"heading.default\">\n\t\t\t\t<div class=\"elementor-widget-container\">\n\t\t\t\t\t<h2 class=\"elementor-heading-title elementor-size-default\">Descripci\u00f3n<\/h2>\t\t\t\t<\/div>\n\t\t\t\t<\/div>\n\t\t\t\t<div class=\"elementor-element elementor-element-190bd17 sc_fly_static elementor-widget elementor-widget-spacer\" data-id=\"190bd17\" data-element_type=\"widget\" data-e-type=\"widget\" data-widget_type=\"spacer.default\">\n\t\t\t\t<div class=\"elementor-widget-container\">\n\t\t\t\t\t\t\t<div class=\"elementor-spacer\">\n\t\t\t<div class=\"elementor-spacer-inner\"><\/div>\n\t\t<\/div>\n\t\t\t\t\t\t<\/div>\n\t\t\t\t<\/div>\n\t\t\t\t<div class=\"elementor-element elementor-element-9f2b370 sc_fly_static elementor-widget elementor-widget-text-editor\" data-id=\"9f2b370\" data-element_type=\"widget\" data-e-type=\"widget\" data-widget_type=\"text-editor.default\">\n\t\t\t\t<div class=\"elementor-widget-container\">\n\t\t\t\t\t\t\t\t\t<p>Lorem ipsum dolor sit amet, consectetur adipiscing elit. Ut elit<\/p><p>Lorem ipsum dolor sit amet, consectetur adipiscing elit. Ut elit tellus, luctus nec ullamcorper mattis, pulvinar dapibus leo.<\/p><p>Lorem ipsum dolor sit amet, consectetur adipiscing elit. Ut elit tellus, luctus nec ullamcorper mattis, pulvinar dapibus leo.<\/p><p><span class=\"portfolio_page_details_item\"><strong><span class=\"portfolio_page_details_item_title\">Cliente:<\/span><\/strong><span class=\"portfolio_page_details_item_value\">Automagazine<\/span><\/span><span class=\"portfolio_page_details_item\"><strong><span class=\"portfolio_page_details_item_title\">Fecha<\/span><\/strong><span class=\"portfolio_page_details_item_value\">Abril de 2020<\/span><\/span><span class=\"portfolio_page_details_item\"><strong><span class=\"portfolio_page_details_item_title\">Autor<\/span><\/strong><span class=\"portfolio_page_details_item_value\">Jim Carter<\/span><\/span><\/p>\t\t\t\t\t\t\t\t<\/div>\n\t\t\t\t<\/div>\n\t\t\t\t<\/div>\n\t\t\t\t\t<\/div>\n\t\t\t\t<\/div>\n\t\t<div class=\"elementor-element elementor-element-27c8718 e-flex e-con-boxed e-con e-parent\" data-id=\"27c8718\" data-element_type=\"container\" data-e-type=\"container\">\n\t\t\t\t\t<div class=\"e-con-inner\">\n\t\t\t\t<div class=\"elementor-element elementor-element-4ff6582 sc_fly_static elementor-widget elementor-widget-spacer\" data-id=\"4ff6582\" data-element_type=\"widget\" data-e-type=\"widget\" data-widget_type=\"spacer.default\">\n\t\t\t\t<div class=\"elementor-widget-container\">\n\t\t\t\t\t\t\t<div class=\"elementor-spacer\">\n\t\t\t<div class=\"elementor-spacer-inner\"><\/div>\n\t\t<\/div>\n\t\t\t\t\t\t<\/div>\n\t\t\t\t<\/div>\n\t\t\t\t\t<\/div>\n\t\t\t\t<\/div>\n\t\t<div class=\"elementor-element elementor-element-6bfc642 e-flex e-con-boxed e-con e-parent\" data-id=\"6bfc642\" data-element_type=\"container\" data-e-type=\"container\">\n\t\t\t\t\t<div class=\"e-con-inner\">\n\t\t\t\t<div class=\"elementor-element elementor-element-1d228cb sc_fly_static elementor-widget elementor-widget-heading\" data-id=\"1d228cb\" data-element_type=\"widget\" data-e-type=\"widget\" data-widget_type=\"heading.default\">\n\t\t\t\t<div class=\"elementor-widget-container\">\n\t\t\t\t\t<h2 class=\"elementor-heading-title elementor-size-default\">Galer\u00eda de im\u00e1genes<\/h2>\t\t\t\t<\/div>\n\t\t\t\t<\/div>\n\t\t\t\t<div class=\"elementor-element elementor-element-420055e sc_fly_static elementor-widget elementor-widget-spacer\" data-id=\"420055e\" data-element_type=\"widget\" data-e-type=\"widget\" data-widget_type=\"spacer.default\">\n\t\t\t\t<div class=\"elementor-widget-container\">\n\t\t\t\t\t\t\t<div class=\"elementor-spacer\">\n\t\t\t<div class=\"elementor-spacer-inner\"><\/div>\n\t\t<\/div>\n\t\t\t\t\t\t<\/div>\n\t\t\t\t<\/div>\n\t\t\t\t\t<\/div>\n\t\t\t\t<\/div>\n\t\t<div class=\"elementor-element elementor-element-18259ce e-flex e-con-boxed e-con e-parent\" data-id=\"18259ce\" data-element_type=\"container\" data-e-type=\"container\">\n\t\t\t\t\t<div class=\"e-con-inner\">\n\t\t\t\t<div class=\"elementor-element elementor-element-cfb9e38 sc_fly_static elementor-widget elementor-widget-image-gallery\" data-id=\"cfb9e38\" data-element_type=\"widget\" data-e-type=\"widget\" data-widget_type=\"image-gallery.default\">\n\t\t\t\t<div class=\"elementor-widget-container\">\n\t\t\t\t\t\t\t<div class=\"elementor-image-gallery\">\n\t\t\t<div id='gallery-1' class='gallery galleryid-23466 gallery-columns-3 gallery-size-thumbnail'><figure class='gallery-item'>\n\t\t\t<div class='gallery-icon landscape'>\n\t\t\t\t<a data-elementor-open-lightbox=\"yes\" data-elementor-lightbox-slideshow=\"cfb9e38\" data-elementor-lightbox-title=\"P_20200710_132452\" data-e-action-hash=\"#elementor-action%3Aaction%3Dlightbox%26settings%3DeyJpZCI6MjI1NjEsInVybCI6Imh0dHBzOlwvXC9hZHYzZHByaW50LmNvbVwvd3AtY29udGVudFwvdXBsb2Fkc1wvMjAyM1wvMDVcL1BfMjAyMDA3MTBfMTMyNDUyLTEuanBnIiwic2xpZGVzaG93IjoiY2ZiOWUzOCJ9\" href='https:\/\/adv3dprint.com\/wp-content\/uploads\/2023\/05\/P_20200710_132452-1.jpg'><img decoding=\"async\" width=\"150\" height=\"150\" src=\"https:\/\/adv3dprint.com\/wp-content\/uploads\/2023\/05\/P_20200710_132452-1-150x150.jpg\" class=\"attachment-thumbnail size-thumbnail\" alt=\"\" srcset=\"https:\/\/adv3dprint.com\/wp-content\/uploads\/2023\/05\/P_20200710_132452-1-150x150.jpg 150w, https:\/\/adv3dprint.com\/wp-content\/uploads\/2023\/05\/P_20200710_132452-1-120x120.jpg 120w, https:\/\/adv3dprint.com\/wp-content\/uploads\/2023\/05\/P_20200710_132452-1-370x370.jpg 370w\" sizes=\"(max-width: 150px) 100vw, 150px\" \/><\/a>\n\t\t\t<\/div><\/figure><figure class='gallery-item'>\n\t\t\t<div class='gallery-icon landscape'>\n\t\t\t\t<a data-elementor-open-lightbox=\"yes\" data-elementor-lightbox-slideshow=\"cfb9e38\" data-elementor-lightbox-title=\"image-33-copyright\" data-e-action-hash=\"#elementor-action%3Aaction%3Dlightbox%26settings%3DeyJpZCI6MjA0MTMsInVybCI6Imh0dHBzOlwvXC9hZHYzZHByaW50LmNvbVwvd3AtY29udGVudFwvdXBsb2Fkc1wvMjAyM1wvMDFcL2ltYWdlLTMzLWNvcHlyaWdodC5qcGciLCJzbGlkZXNob3ciOiJjZmI5ZTM4In0%3D\" href='https:\/\/adv3dprint.com\/wp-content\/uploads\/2023\/01\/image-33-copyright.jpg'><img decoding=\"async\" width=\"150\" height=\"150\" src=\"https:\/\/adv3dprint.com\/wp-content\/uploads\/2023\/01\/image-33-copyright-150x150.jpg\" class=\"attachment-thumbnail size-thumbnail\" alt=\"\" srcset=\"https:\/\/adv3dprint.com\/wp-content\/uploads\/2023\/01\/image-33-copyright-150x150.jpg 150w, https:\/\/adv3dprint.com\/wp-content\/uploads\/2023\/01\/image-33-copyright-120x120.jpg 120w, https:\/\/adv3dprint.com\/wp-content\/uploads\/2023\/01\/image-33-copyright-630x630.jpg 630w, https:\/\/adv3dprint.com\/wp-content\/uploads\/2023\/01\/image-33-copyright-370x370.jpg 370w\" sizes=\"(max-width: 150px) 100vw, 150px\" \/><\/a>\n\t\t\t<\/div><\/figure><figure class='gallery-item'>\n\t\t\t<div class='gallery-icon landscape'>\n\t\t\t\t<a data-elementor-open-lightbox=\"yes\" data-elementor-lightbox-slideshow=\"cfb9e38\" data-elementor-lightbox-title=\"Consultoria na impress\u00e3o 3D\" data-e-action-hash=\"#elementor-action%3Aaction%3Dlightbox%26settings%3DeyJpZCI6MjA0MDYsInVybCI6Imh0dHBzOlwvXC9hZHYzZHByaW50LmNvbVwvd3AtY29udGVudFwvdXBsb2Fkc1wvMjAyM1wvMDFcL2ltYWdlLTI4LWNvcHlyaWdodC5qcGciLCJzbGlkZXNob3ciOiJjZmI5ZTM4In0%3D\" title=\"Consultor\u00eda de impresi\u00f3n 3D\" href='https:\/\/adv3dprint.com\/wp-content\/uploads\/2023\/01\/image-28-copyright.jpg'><img loading=\"lazy\" decoding=\"async\" width=\"150\" height=\"150\" src=\"https:\/\/adv3dprint.com\/wp-content\/uploads\/2023\/01\/image-28-copyright-150x150.jpg\" class=\"attachment-thumbnail size-thumbnail\" alt=\"Consultoria na impress\u00e3o 3D\" srcset=\"https:\/\/adv3dprint.com\/wp-content\/uploads\/2023\/01\/image-28-copyright-150x150.jpg 150w, https:\/\/adv3dprint.com\/wp-content\/uploads\/2023\/01\/image-28-copyright-120x120.jpg 120w, https:\/\/adv3dprint.com\/wp-content\/uploads\/2023\/01\/image-28-copyright-630x630.jpg 630w, https:\/\/adv3dprint.com\/wp-content\/uploads\/2023\/01\/image-28-copyright-370x370.jpg 370w\" sizes=\"(max-width: 150px) 100vw, 150px\" \/><\/a>\n\t\t\t<\/div><\/figure>\n\t\t<\/div>\n\t\t<\/div>\n\t\t\t\t\t\t<\/div>\n\t\t\t\t<\/div>\n\t\t\t\t\t<\/div>\n\t\t\t\t<\/div>\n\t\t<div class=\"elementor-element elementor-element-d5b0512 e-flex e-con-boxed e-con e-parent\" data-id=\"d5b0512\" data-element_type=\"container\" data-e-type=\"container\">\n\t\t\t\t\t<div class=\"e-con-inner\">\n\t\t\t\t<div class=\"elementor-element elementor-element-dde7da3 sc_fly_static elementor-widget elementor-widget-spacer\" data-id=\"dde7da3\" data-element_type=\"widget\" data-e-type=\"widget\" data-widget_type=\"spacer.default\">\n\t\t\t\t<div class=\"elementor-widget-container\">\n\t\t\t\t\t\t\t<div class=\"elementor-spacer\">\n\t\t\t<div class=\"elementor-spacer-inner\"><\/div>\n\t\t<\/div>\n\t\t\t\t\t\t<\/div>\n\t\t\t\t<\/div>\n\t\t\t\t\t<\/div>\n\t\t\t\t<\/div>\n\t\t<div class=\"elementor-element elementor-element-f55f9ec e-flex e-con-boxed e-con e-parent\" data-id=\"f55f9ec\" data-element_type=\"container\" data-e-type=\"container\">\n\t\t\t\t\t<div class=\"e-con-inner\">\n\t\t<div class=\"elementor-element elementor-element-c0e1fba e-con-full e-flex e-con e-child\" data-id=\"c0e1fba\" data-element_type=\"container\" data-e-type=\"container\">\n\t\t\t\t<div class=\"elementor-element elementor-element-6b81298 sc_fly_static elementor-widget elementor-widget-html\" data-id=\"6b81298\" data-element_type=\"widget\" data-e-type=\"widget\" data-widget_type=\"html.default\">\n\t\t\t\t<div class=\"elementor-widget-container\">\n\t\t\t\t\t<a href=\"https:\/\/adv3dprint.com\/es\/portefolio\/\">\r\n    <img loading=\"lazy\" decoding=\"async\" src=\"https:\/\/adv3dprint.com\/wp-content\/uploads\/2023\/07\/seta.jpg\" width=\"42\" height=\"42\" style=\"vertical-align:middle\">\r\n    Volver a la p\u00e1gina de la cartera\r\n<\/a>\r\n\t\t\t\t<\/div>\n\t\t\t\t<\/div>\n\t\t\t\t<\/div>\n\t\t<div class=\"elementor-element elementor-element-f8248f9 e-con-full e-flex e-con e-child\" data-id=\"f8248f9\" data-element_type=\"container\" data-e-type=\"container\">\n\t\t\t\t<div class=\"elementor-element elementor-element-62440b1 sc_fly_static elementor-widget elementor-widget-spacer\" data-id=\"62440b1\" data-element_type=\"widget\" data-e-type=\"widget\" data-widget_type=\"spacer.default\">\n\t\t\t\t<div class=\"elementor-widget-container\">\n\t\t\t\t\t\t\t<div class=\"elementor-spacer\">\n\t\t\t<div class=\"elementor-spacer-inner\"><\/div>\n\t\t<\/div>\n\t\t\t\t\t\t<\/div>\n\t\t\t\t<\/div>\n\t\t\t\t<div class=\"elementor-element elementor-element-19bd8d6 sc_fly_static elementor-widget elementor-widget-heading\" data-id=\"19bd8d6\" data-element_type=\"widget\" data-e-type=\"widget\" data-widget_type=\"heading.default\">\n\t\t\t\t<div class=\"elementor-widget-container\">\n\t\t\t\t\t<h6 class=\"elementor-heading-title elementor-size-default\">Compartir en las redes sociales<\/h6>\t\t\t\t<\/div>\n\t\t\t\t<\/div>\n\t\t\t\t<\/div>\n\t\t<div class=\"elementor-element elementor-element-f7f5119 e-con-full e-flex e-con e-child\" data-id=\"f7f5119\" data-element_type=\"container\" data-e-type=\"container\">\n\t\t\t\t<div class=\"elementor-element elementor-element-796ea96 elementor-share-buttons--align-center elementor-widget__width-auto elementor-share-buttons--view-icon-text elementor-share-buttons--skin-gradient elementor-share-buttons--shape-square elementor-grid-0 elementor-share-buttons--color-official sc_fly_static elementor-widget elementor-widget-share-buttons\" data-id=\"796ea96\" data-element_type=\"widget\" data-e-type=\"widget\" data-widget_type=\"share-buttons.default\">\n\t\t\t\t<div class=\"elementor-widget-container\">\n\t\t\t\t\t\t\t<div class=\"elementor-grid\">\n\t\t\t\t\t\t\t\t<div class=\"elementor-grid-item\">\n\t\t\t\t\t\t<div\n\t\t\t\t\t\t\tclass=\"elementor-share-btn elementor-share-btn_facebook\"\n\t\t\t\t\t\t\trole=\"button\"\n\t\t\t\t\t\t\ttabindex=\"0\"\n\t\t\t\t\t\t\taria-label=\"Share on facebook\"\n\t\t\t\t\t\t>\n\t\t\t\t\t\t\t\t\t\t\t\t\t\t\t<span class=\"elementor-share-btn__icon\">\n\t\t\t\t\t\t\t\t<i class=\"fab fa-facebook\" aria-hidden=\"true\"><\/i>\t\t\t\t\t\t\t<\/span>\n\t\t\t\t\t\t\t\t\t\t\t\t\t\t\t\t\t\t\t\t\t\t<div class=\"elementor-share-btn__text\">\n\t\t\t\t\t\t\t\t\t\t\t\t\t\t\t\t\t\t\t<span class=\"elementor-share-btn__title\">\n\t\t\t\t\t\t\t\t\t\tFacebook\t\t\t\t\t\t\t\t\t<\/span>\n\t\t\t\t\t\t\t\t\t\t\t\t\t\t\t\t\t<\/div>\n\t\t\t\t\t\t\t\t\t\t\t\t\t<\/div>\n\t\t\t\t\t<\/div>\n\t\t\t\t\t\t\t\t\t<div class=\"elementor-grid-item\">\n\t\t\t\t\t\t<div\n\t\t\t\t\t\t\tclass=\"elementor-share-btn elementor-share-btn_twitter\"\n\t\t\t\t\t\t\trole=\"button\"\n\t\t\t\t\t\t\ttabindex=\"0\"\n\t\t\t\t\t\t\taria-label=\"Share on twitter\"\n\t\t\t\t\t\t>\n\t\t\t\t\t\t\t\t\t\t\t\t\t\t\t<span class=\"elementor-share-btn__icon\">\n\t\t\t\t\t\t\t\t<i class=\"fab fa-twitter\" aria-hidden=\"true\"><\/i>\t\t\t\t\t\t\t<\/span>\n\t\t\t\t\t\t\t\t\t\t\t\t\t\t\t\t\t\t\t\t\t\t<div class=\"elementor-share-btn__text\">\n\t\t\t\t\t\t\t\t\t\t\t\t\t\t\t\t\t\t\t<span class=\"elementor-share-btn__title\">\n\t\t\t\t\t\t\t\t\t\tTwitter\t\t\t\t\t\t\t\t\t<\/span>\n\t\t\t\t\t\t\t\t\t\t\t\t\t\t\t\t\t<\/div>\n\t\t\t\t\t\t\t\t\t\t\t\t\t<\/div>\n\t\t\t\t\t<\/div>\n\t\t\t\t\t\t\t\t\t<div class=\"elementor-grid-item\">\n\t\t\t\t\t\t<div\n\t\t\t\t\t\t\tclass=\"elementor-share-btn elementor-share-btn_linkedin\"\n\t\t\t\t\t\t\trole=\"button\"\n\t\t\t\t\t\t\ttabindex=\"0\"\n\t\t\t\t\t\t\taria-label=\"Share on linkedin\"\n\t\t\t\t\t\t>\n\t\t\t\t\t\t\t\t\t\t\t\t\t\t\t<span class=\"elementor-share-btn__icon\">\n\t\t\t\t\t\t\t\t<i class=\"fab fa-linkedin\" aria-hidden=\"true\"><\/i>\t\t\t\t\t\t\t<\/span>\n\t\t\t\t\t\t\t\t\t\t\t\t\t\t\t\t\t\t\t\t\t\t<div class=\"elementor-share-btn__text\">\n\t\t\t\t\t\t\t\t\t\t\t\t\t\t\t\t\t\t\t<span class=\"elementor-share-btn__title\">\n\t\t\t\t\t\t\t\t\t\tLinkedIn\t\t\t\t\t\t\t\t\t<\/span>\n\t\t\t\t\t\t\t\t\t\t\t\t\t\t\t\t\t<\/div>\n\t\t\t\t\t\t\t\t\t\t\t\t\t<\/div>\n\t\t\t\t\t<\/div>\n\t\t\t\t\t\t<\/div>\n\t\t\t\t\t\t<\/div>\n\t\t\t\t<\/div>\n\t\t\t\t<\/div>\n\t\t\t\t\t<\/div>\n\t\t\t\t<\/div>\n\t\t\t\t<\/div>","protected":false},"excerpt":{"rendered":"<p>T\u00edtulo do projeto Descri\u00e7\u00e3o Lorem ipsum dolor sit amet, consectetur adipiscing elit. Ut elit Lorem ipsum dolor sit amet, consectetur adipiscing elit. Ut elit tellus, luctus nec ullamcorper mattis, pulvinar&hellip;<\/p>","protected":false},"author":1,"featured_media":0,"parent":0,"menu_order":0,"comment_status":"closed","ping_status":"closed","template":"","meta":{"footnotes":""},"class_list":["post-23466","page","type-page","status-publish","hentry"],"_links":{"self":[{"href":"https:\/\/adv3dprint.com\/es\/wp-json\/wp\/v2\/pages\/23466","targetHints":{"allow":["GET"]}}],"collection":[{"href":"https:\/\/adv3dprint.com\/es\/wp-json\/wp\/v2\/pages"}],"about":[{"href":"https:\/\/adv3dprint.com\/es\/wp-json\/wp\/v2\/types\/page"}],"author":[{"embeddable":true,"href":"https:\/\/adv3dprint.com\/es\/wp-json\/wp\/v2\/users\/1"}],"replies":[{"embeddable":true,"href":"https:\/\/adv3dprint.com\/es\/wp-json\/wp\/v2\/comments?post=23466"}],"version-history":[{"count":7,"href":"https:\/\/adv3dprint.com\/es\/wp-json\/wp\/v2\/pages\/23466\/revisions"}],"predecessor-version":[{"id":23478,"href":"https:\/\/adv3dprint.com\/es\/wp-json\/wp\/v2\/pages\/23466\/revisions\/23478"}],"wp:attachment":[{"href":"https:\/\/adv3dprint.com\/es\/wp-json\/wp\/v2\/media?parent=23466"}],"curies":[{"name":"wp","href":"https:\/\/api.w.org\/{rel}","templated":true}]}}