{"id":23847,"date":"2023-09-08T18:59:02","date_gmt":"2023-09-08T18:59:02","guid":{"rendered":"https:\/\/adv3dprint.com\/?page_id=23847"},"modified":"2023-09-08T19:32:14","modified_gmt":"2023-09-08T19:32:14","slug":"pla-polylactic-acid-acido-polilatico-2","status":"publish","type":"page","link":"https:\/\/adv3dprint.com\/es\/pla-polylactic-acid-acido-polilatico-2\/","title":{"rendered":"pla-\u00e1cido-polil\u00e1ctico-polil\u00e1ctico-\u00e1cido-2"},"content":{"rendered":"","protected":false},"excerpt":{"rendered":"","protected":false},"author":1,"featured_media":0,"parent":0,"menu_order":0,"comment_status":"closed","ping_status":"closed","template":"","meta":{"footnotes":""},"class_list":["post-23847","page","type-page","status-publish","hentry"],"_links":{"self":[{"href":"https:\/\/adv3dprint.com\/es\/wp-json\/wp\/v2\/pages\/23847","targetHints":{"allow":["GET"]}}],"collection":[{"href":"https:\/\/adv3dprint.com\/es\/wp-json\/wp\/v2\/pages"}],"about":[{"href":"https:\/\/adv3dprint.com\/es\/wp-json\/wp\/v2\/types\/page"}],"author":[{"embeddable":true,"href":"https:\/\/adv3dprint.com\/es\/wp-json\/wp\/v2\/users\/1"}],"replies":[{"embeddable":true,"href":"https:\/\/adv3dprint.com\/es\/wp-json\/wp\/v2\/comments?post=23847"}],"version-history":[{"count":4,"href":"https:\/\/adv3dprint.com\/es\/wp-json\/wp\/v2\/pages\/23847\/revisions"}],"predecessor-version":[{"id":23854,"href":"https:\/\/adv3dprint.com\/es\/wp-json\/wp\/v2\/pages\/23847\/revisions\/23854"}],"wp:attachment":[{"href":"https:\/\/adv3dprint.com\/es\/wp-json\/wp\/v2\/media?parent=23847"}],"curies":[{"name":"wp","href":"https:\/\/api.w.org\/{rel}","templated":true}]}}