{"id":23895,"date":"2023-09-10T09:01:32","date_gmt":"2023-09-10T09:01:32","guid":{"rendered":"https:\/\/adv3dprint.com\/?page_id=23895"},"modified":"2023-09-20T20:59:16","modified_gmt":"2023-09-20T20:59:16","slug":"precise-pla","status":"publish","type":"page","link":"https:\/\/adv3dprint.com\/es\/precise-pla\/","title":{"rendered":"PLA preciso"},"content":{"rendered":"<div data-elementor-type=\"wp-page\" data-elementor-id=\"23895\" class=\"elementor elementor-23895\" data-elementor-post-type=\"page\">\n\t\t\t\t<div class=\"elementor-element elementor-element-e76fe6a e-flex e-con-boxed e-con e-parent\" data-id=\"e76fe6a\" data-element_type=\"container\" data-e-type=\"container\">\n\t\t\t\t\t<div class=\"e-con-inner\">\n\t\t\t\t<div class=\"elementor-element elementor-element-75c939a sc_fly_static elementor-widget elementor-widget-heading\" data-id=\"75c939a\" data-element_type=\"widget\" data-e-type=\"widget\" data-widget_type=\"heading.default\">\n\t\t\t\t<div class=\"elementor-widget-container\">\n\t\t\t\t\t<h2 class=\"elementor-heading-title elementor-size-default\">Precise PLA (PLA mejorado de Markforged)<\/h2>\t\t\t\t<\/div>\n\t\t\t\t<\/div>\n\t\t\t\t<div class=\"elementor-element elementor-element-3580b14 sc_fly_static elementor-widget elementor-widget-spacer\" data-id=\"3580b14\" data-element_type=\"widget\" data-e-type=\"widget\" data-widget_type=\"spacer.default\">\n\t\t\t\t<div class=\"elementor-widget-container\">\n\t\t\t\t\t\t\t<div class=\"elementor-spacer\">\n\t\t\t<div class=\"elementor-spacer-inner\"><\/div>\n\t\t<\/div>\n\t\t\t\t\t\t<\/div>\n\t\t\t\t<\/div>\n\t\t\t\t\t<\/div>\n\t\t\t\t<\/div>\n\t\t<div class=\"elementor-element elementor-element-e6df396 e-flex e-con-boxed e-con e-parent\" data-id=\"e6df396\" data-element_type=\"container\" data-e-type=\"container\">\n\t\t\t\t\t<div class=\"e-con-inner\">\n\t\t<div class=\"elementor-element elementor-element-961d881 e-con-full e-flex e-con e-child\" data-id=\"961d881\" data-element_type=\"container\" data-e-type=\"container\">\n\t\t\t\t<div class=\"elementor-element elementor-element-33f8e8f sc_fly_static elementor-widget elementor-widget-text-editor\" data-id=\"33f8e8f\" data-element_type=\"widget\" data-e-type=\"widget\" data-widget_type=\"text-editor.default\">\n\t\t\t\t<div class=\"elementor-widget-container\">\n\t\t\t\t\t\t\t\t\t<p>Se trata de una versi\u00f3n mejorada del PLA que tiene la ventaja de no deformarse durante la impresi\u00f3n.<\/p>\t\t\t\t\t\t\t\t<\/div>\n\t\t\t\t<\/div>\n\t\t\t\t<div class=\"elementor-element elementor-element-5dc205a sc_fly_static elementor-widget elementor-widget-spacer\" data-id=\"5dc205a\" data-element_type=\"widget\" data-e-type=\"widget\" data-widget_type=\"spacer.default\">\n\t\t\t\t<div class=\"elementor-widget-container\">\n\t\t\t\t\t\t\t<div class=\"elementor-spacer\">\n\t\t\t<div class=\"elementor-spacer-inner\"><\/div>\n\t\t<\/div>\n\t\t\t\t\t\t<\/div>\n\t\t\t\t<\/div>\n\t\t\t\t<div class=\"elementor-element elementor-element-fa7603c elementor--star-style-star_fontawesome sc_fly_static elementor-widget elementor-widget-star-rating\" data-id=\"fa7603c\" data-element_type=\"widget\" data-e-type=\"widget\" data-widget_type=\"star-rating.default\">\n\t\t\t\t<div class=\"elementor-widget-container\">\n\t\t\t\t\t\t\t<div class=\"elementor-star-rating__wrapper\">\n\t\t\t\t\t\t\t<div class=\"elementor-star-rating__title\">-Temperatura de deflexi\u00f3n t\u00e9rmica: 52 \u00baC\u00a0\u00a0<\/div>\n\t\t\t\t\t\t<div class=\"elementor-star-rating\" itemtype=\"http:\/\/schema.org\/Rating\" itemscope=\"\" itemprop=\"reviewRating\">\n\t\t\t\t<i class=\"elementor-star-full\" aria-hidden=\"true\">\ue934<\/i><i class=\"elementor-star-5\" aria-hidden=\"true\">\ue934<\/i><i class=\"elementor-star-empty\" aria-hidden=\"true\">\ue934<\/i><i class=\"elementor-star-empty\" aria-hidden=\"true\">\ue934<\/i><i class=\"elementor-star-empty\" aria-hidden=\"true\">\ue934<\/i>\t\t\t\t<span itemprop=\"ratingValue\" class=\"elementor-screen-only\" data-no-translation=\"\" data-trp-gettext=\"\">Rated 1.5 out of 5<\/span>\n\t\t\t<\/div>\n\t\t<\/div>\n\t\t\t\t\t\t<\/div>\n\t\t\t\t<\/div>\n\t\t\t\t<div class=\"elementor-element elementor-element-a5dc226 elementor--star-style-star_fontawesome sc_fly_static elementor-widget elementor-widget-star-rating\" data-id=\"a5dc226\" data-element_type=\"widget\" data-e-type=\"widget\" data-widget_type=\"star-rating.default\">\n\t\t\t\t<div class=\"elementor-widget-container\">\n\t\t\t\t\t\t\t<div class=\"elementor-star-rating__wrapper\">\n\t\t\t\t\t\t\t<div class=\"elementor-star-rating__title\">Densidad: 1,3 g\/cm\u00b3<\/div>\n\t\t\t\t\t\t<div class=\"elementor-star-rating\" itemtype=\"http:\/\/schema.org\/Rating\" itemscope=\"\" itemprop=\"reviewRating\">\n\t\t\t\t<i class=\"elementor-star-full\" aria-hidden=\"true\">\ue934<\/i><i class=\"elementor-star-full\" aria-hidden=\"true\">\ue934<\/i><i class=\"elementor-star-full\" aria-hidden=\"true\">\ue934<\/i><i class=\"elementor-star-full\" aria-hidden=\"true\">\ue934<\/i><i class=\"elementor-star-empty\" aria-hidden=\"true\">\ue934<\/i>\t\t\t\t<span itemprop=\"ratingValue\" class=\"elementor-screen-only\" data-no-translation=\"\" data-trp-gettext=\"\">Rated 4 out of 5<\/span>\n\t\t\t<\/div>\n\t\t<\/div>\n\t\t\t\t\t\t<\/div>\n\t\t\t\t<\/div>\n\t\t\t\t<div class=\"elementor-element elementor-element-7af209c elementor--star-style-star_fontawesome sc_fly_static elementor-widget elementor-widget-star-rating\" data-id=\"7af209c\" data-element_type=\"widget\" data-e-type=\"widget\" data-widget_type=\"star-rating.default\">\n\t\t\t\t<div class=\"elementor-widget-container\">\n\t\t\t\t\t\t\t<div class=\"elementor-star-rating__wrapper\">\n\t\t\t\t\t\t\t<div class=\"elementor-star-rating__title\">-Resistencia a la tracci\u00f3n: 31 MPa <\/div>\n\t\t\t\t\t\t<div class=\"elementor-star-rating\" itemtype=\"http:\/\/schema.org\/Rating\" itemscope=\"\" itemprop=\"reviewRating\">\n\t\t\t\t<i class=\"elementor-star-full\" aria-hidden=\"true\">\ue934<\/i><i class=\"elementor-star-full\" aria-hidden=\"true\">\ue934<\/i><i class=\"elementor-star-full\" aria-hidden=\"true\">\ue934<\/i><i class=\"elementor-star-5\" aria-hidden=\"true\">\ue934<\/i><i class=\"elementor-star-empty\" aria-hidden=\"true\">\ue934<\/i>\t\t\t\t<span itemprop=\"ratingValue\" class=\"elementor-screen-only\" data-no-translation=\"\" data-trp-gettext=\"\">Rated 3.5 out of 5<\/span>\n\t\t\t<\/div>\n\t\t<\/div>\n\t\t\t\t\t\t<\/div>\n\t\t\t\t<\/div>\n\t\t\t\t<div class=\"elementor-element elementor-element-47e3891 elementor--star-style-star_fontawesome sc_fly_static elementor-widget elementor-widget-star-rating\" data-id=\"47e3891\" data-element_type=\"widget\" data-e-type=\"widget\" data-widget_type=\"star-rating.default\">\n\t\t\t\t<div class=\"elementor-widget-container\">\n\t\t\t\t\t\t\t<div class=\"elementor-star-rating__wrapper\">\n\t\t\t\t\t\t\t<div class=\"elementor-star-rating__title\">-Impacto: 62 J\/m (cero estrellas)<\/div>\n\t\t\t\t\t\t<div class=\"elementor-star-rating\" itemtype=\"http:\/\/schema.org\/Rating\" itemscope=\"\" itemprop=\"reviewRating\">\n\t\t\t\t<i class=\"elementor-star-empty\" aria-hidden=\"true\">\ue934<\/i><i class=\"elementor-star-empty\" aria-hidden=\"true\">\ue934<\/i><i class=\"elementor-star-empty\" aria-hidden=\"true\">\ue934<\/i><i class=\"elementor-star-empty\" aria-hidden=\"true\">\ue934<\/i><i class=\"elementor-star-empty\" aria-hidden=\"true\">\ue934<\/i>\t\t\t\t<span itemprop=\"ratingValue\" class=\"elementor-screen-only\" data-no-translation=\"\" data-trp-gettext=\"\">Rated 0 out of 5<\/span>\n\t\t\t<\/div>\n\t\t<\/div>\n\t\t\t\t\t\t<\/div>\n\t\t\t\t<\/div>\n\t\t\t\t<div class=\"elementor-element elementor-element-c505ee2 sc_fly_static elementor-widget elementor-widget-spacer\" data-id=\"c505ee2\" data-element_type=\"widget\" data-e-type=\"widget\" data-widget_type=\"spacer.default\">\n\t\t\t\t<div class=\"elementor-widget-container\">\n\t\t\t\t\t\t\t<div class=\"elementor-spacer\">\n\t\t\t<div class=\"elementor-spacer-inner\"><\/div>\n\t\t<\/div>\n\t\t\t\t\t\t<\/div>\n\t\t\t\t<\/div>\n\t\t\t\t<div class=\"elementor-element elementor-element-c40dcc3 sc_fly_static elementor-widget elementor-widget-trx_widget_socials\" data-id=\"c40dcc3\" data-element_type=\"widget\" data-e-type=\"widget\" data-widget_type=\"trx_widget_socials.default\">\n\t\t\t\t<div class=\"elementor-widget-container\">\n\t\t\t\t\t<div class=\"widget_area sc_widget_socials\"><aside class=\"widget widget_socials\"><div class=\"share_wrap sc_align_left\"><div class=\"socials_share socials_size_tiny socials_type_block socials_dir_horizontal socials_wrap\"><span class=\"social_items\"><a class=\"social_item social_item_popup\" href=\"\/\/twitter.com\/intent\/tweet?text=Precise PLA&#038;url=https:\/\/adv3dprint.com\/es\/precise-pla\/\" data-link=\"\/\/twitter.com\/intent\/tweet?text=Precise PLA&amp;url=https%3A%2F%2Fadv3dprint.com%2Fes%2Fprecise-pla%2F\" data-count=\"twitter-new\"><span class=\"social_icon social_icon_twitter-new sc_icon_type_icons\" style=\"\"><span class=\"icon-twitter-new\"><\/span><\/span><\/a><a class=\"social_item social_item_popup\" href=\"\/\/www.facebook.com\/sharer\/sharer.php?u=https:\/\/adv3dprint.com\/es\/precise-pla\/\" data-link=\"\/\/www.facebook.com\/sharer\/sharer.php?u=https%3A%2F%2Fadv3dprint.com%2Fes%2Fprecise-pla%2F\" data-count=\"facebook-1\"><span class=\"social_icon social_icon_facebook-1 sc_icon_type_icons\" style=\"\"><span class=\"icon-facebook-1\"><\/span><\/span><\/a><a class=\"social_item\" href=\"mailto:test@fwe.com?subject=Precise PLA&#038;body=https:\/\/adv3dprint.com\/es\/precise-pla\/\" target=\"_blank\" data-count=\"share-email\"><span class=\"social_icon social_icon_share-email sc_icon_type_icons\" style=\"\"><span class=\"icon-share-email\"><\/span><\/span><\/a><a class=\"social_item\" title=\"Copiar URL al portapapeles\" data-message=\"Copied!\" data-copy-link-url=\"https:\/\/adv3dprint.com\/es\/precise-pla\/\" nopopup=\"true\" href=\"#\" target=\"_blank\" data-count=\"link\"><span class=\"social_icon social_icon_link sc_icon_type_icons\" style=\"\"><span class=\"icon-link\"><\/span><\/span><\/a><\/span><\/div><\/div><\/aside><\/div>\t\t\t\t<\/div>\n\t\t\t\t<\/div>\n\t\t\t\t<\/div>\n\t\t<div class=\"elementor-element elementor-element-e421af2 e-con-full e-flex e-con e-child\" data-id=\"e421af2\" data-element_type=\"container\" data-e-type=\"container\">\n\t\t\t\t<div class=\"elementor-element elementor-element-56e0c3b sc_fly_static elementor-widget elementor-widget-image\" data-id=\"56e0c3b\" data-element_type=\"widget\" data-e-type=\"widget\" data-widget_type=\"image.default\">\n\t\t\t\t<div class=\"elementor-widget-container\">\n\t\t\t\t\t\t\t\t\t\t\t\t<figure class=\"wp-caption\">\n\t\t\t\t\t\t\t\t\t\t<img fetchpriority=\"high\" decoding=\"async\" width=\"689\" height=\"362\" src=\"https:\/\/adv3dprint.com\/wp-content\/uploads\/2023\/09\/Precise_PLA.png\" class=\"attachment-large size-large wp-image-23990\" alt=\"Precise PLA (PLA melhorado da Markforged) Marca Markforged\" srcset=\"https:\/\/adv3dprint.com\/wp-content\/uploads\/2023\/09\/Precise_PLA.png 689w, https:\/\/adv3dprint.com\/wp-content\/uploads\/2023\/09\/Precise_PLA-300x158.png 300w, https:\/\/adv3dprint.com\/wp-content\/uploads\/2023\/09\/Precise_PLA-370x194.png 370w, https:\/\/adv3dprint.com\/wp-content\/uploads\/2023\/09\/Precise_PLA-410x215.png 410w\" sizes=\"(max-width: 689px) 100vw, 689px\" \/>\t\t\t\t\t\t\t\t\t\t\t<figcaption class=\"widget-image-caption wp-caption-text\">Precise PLA (PLA mejorado de Markforged) Marca Markforged<\/figcaption>\n\t\t\t\t\t\t\t\t\t\t<\/figure>\n\t\t\t\t\t\t\t\t\t<\/div>\n\t\t\t\t<\/div>\n\t\t\t\t<\/div>\n\t\t\t\t\t<\/div>\n\t\t\t\t<\/div>\n\t\t\t\t<\/div>","protected":false},"excerpt":{"rendered":"<p>Precise PLA (PLA mejorado de Markforged) Esta es una versi\u00f3n mejorada de PLA que tiene la ventaja de no deformarse durante la impresi\u00f3n. -Temperatura de deflexi\u00f3n t\u00e9rmica: 52...<\/p>","protected":false},"author":1,"featured_media":0,"parent":0,"menu_order":0,"comment_status":"closed","ping_status":"closed","template":"","meta":{"footnotes":""},"class_list":["post-23895","page","type-page","status-publish","hentry"],"_links":{"self":[{"href":"https:\/\/adv3dprint.com\/es\/wp-json\/wp\/v2\/pages\/23895","targetHints":{"allow":["GET"]}}],"collection":[{"href":"https:\/\/adv3dprint.com\/es\/wp-json\/wp\/v2\/pages"}],"about":[{"href":"https:\/\/adv3dprint.com\/es\/wp-json\/wp\/v2\/types\/page"}],"author":[{"embeddable":true,"href":"https:\/\/adv3dprint.com\/es\/wp-json\/wp\/v2\/users\/1"}],"replies":[{"embeddable":true,"href":"https:\/\/adv3dprint.com\/es\/wp-json\/wp\/v2\/comments?post=23895"}],"version-history":[{"count":20,"href":"https:\/\/adv3dprint.com\/es\/wp-json\/wp\/v2\/pages\/23895\/revisions"}],"predecessor-version":[{"id":24358,"href":"https:\/\/adv3dprint.com\/es\/wp-json\/wp\/v2\/pages\/23895\/revisions\/24358"}],"wp:attachment":[{"href":"https:\/\/adv3dprint.com\/es\/wp-json\/wp\/v2\/media?parent=23895"}],"curies":[{"name":"wp","href":"https:\/\/api.w.org\/{rel}","templated":true}]}}