{"id":24414,"date":"2023-11-22T18:32:11","date_gmt":"2023-11-22T18:32:11","guid":{"rendered":"https:\/\/adv3dprint.com\/?page_id=24414"},"modified":"2023-11-22T18:44:52","modified_gmt":"2023-11-22T18:44:52","slug":"confirmacao-de-subscricao-na-newsletter","status":"publish","type":"page","link":"https:\/\/adv3dprint.com\/es\/confirmacao-de-subscricao-na-newsletter\/","title":{"rendered":"Confirma\u00e7\u00e3o de Subscri\u00e7\u00e3o na Newsletter!"},"content":{"rendered":"<div data-elementor-type=\"wp-page\" data-elementor-id=\"24414\" class=\"elementor elementor-24414\" data-elementor-post-type=\"page\">\n\t\t\t\t<div class=\"elementor-element elementor-element-990ef82 e-flex e-con-boxed e-con e-parent\" data-id=\"990ef82\" data-element_type=\"container\" data-e-type=\"container\">\n\t\t\t\t\t<div class=\"e-con-inner\">\n\t\t\t\t<div class=\"elementor-element elementor-element-3314ead sc_fly_static elementor-widget elementor-widget-image\" data-id=\"3314ead\" data-element_type=\"widget\" data-e-type=\"widget\" data-widget_type=\"image.default\">\n\t\t\t\t<div class=\"elementor-widget-container\">\n\t\t\t\t\t\t\t\t\t\t\t\t\t\t\t<img fetchpriority=\"high\" decoding=\"async\" width=\"748\" height=\"417\" src=\"https:\/\/adv3dprint.com\/wp-content\/uploads\/2023\/11\/adv.jpg\" class=\"attachment-large size-large wp-image-24417\" alt=\"\" srcset=\"https:\/\/adv3dprint.com\/wp-content\/uploads\/2023\/11\/adv.jpg 748w, https:\/\/adv3dprint.com\/wp-content\/uploads\/2023\/11\/adv-300x167.jpg 300w, https:\/\/adv3dprint.com\/wp-content\/uploads\/2023\/11\/adv-18x10.jpg 18w, https:\/\/adv3dprint.com\/wp-content\/uploads\/2023\/11\/adv-370x206.jpg 370w, https:\/\/adv3dprint.com\/wp-content\/uploads\/2023\/11\/adv-410x229.jpg 410w, https:\/\/adv3dprint.com\/wp-content\/uploads\/2023\/11\/adv-270x152.jpg 270w\" sizes=\"(max-width: 748px) 100vw, 748px\" \/>\t\t\t\t\t\t\t\t\t\t\t\t\t\t\t<\/div>\n\t\t\t\t<\/div>\n\t\t\t\t<div class=\"elementor-element elementor-element-2bb2443 sc_fly_static elementor-widget elementor-widget-spacer\" data-id=\"2bb2443\" data-element_type=\"widget\" data-e-type=\"widget\" data-widget_type=\"spacer.default\">\n\t\t\t\t<div class=\"elementor-widget-container\">\n\t\t\t\t\t\t\t<div class=\"elementor-spacer\">\n\t\t\t<div class=\"elementor-spacer-inner\"><\/div>\n\t\t<\/div>\n\t\t\t\t\t\t<\/div>\n\t\t\t\t<\/div>\n\t\t\t\t\t<\/div>\n\t\t\t\t<\/div>\n\t\t<div class=\"elementor-element elementor-element-4c684063 e-flex e-con-boxed e-con e-parent\" data-id=\"4c684063\" data-element_type=\"container\" data-e-type=\"container\">\n\t\t\t\t\t<div class=\"e-con-inner\">\n\t\t\t\t<div class=\"elementor-element elementor-element-5d094ec9 sc_fly_static elementor-widget elementor-widget-text-editor\" data-id=\"5d094ec9\" data-element_type=\"widget\" data-e-type=\"widget\" data-widget_type=\"text-editor.default\">\n\t\t\t\t<div class=\"elementor-widget-container\">\n\t\t\t\t\t\t\t\t\tGracias por suscribirte a nuestro bolet\u00edn. Estamos encantados de tenerte a bordo para recibir contenidos exclusivos, actualizaciones y ofertas especiales directamente en tu bandeja de entrada. \u00a1Bienvenido a Advanced 3D Print!\t\t\t\t\t\t\t\t<\/div>\n\t\t\t\t<\/div>\n\t\t\t\t\t<\/div>\n\t\t\t\t<\/div>\n\t\t<div class=\"elementor-element elementor-element-eaf3b8a e-flex e-con-boxed e-con e-parent\" data-id=\"eaf3b8a\" data-element_type=\"container\" data-e-type=\"container\">\n\t\t\t\t\t<div class=\"e-con-inner\">\n\t\t<div class=\"elementor-element elementor-element-7d5f4fc e-con-full e-flex e-con e-child\" data-id=\"7d5f4fc\" data-element_type=\"container\" data-e-type=\"container\">\n\t\t\t\t<\/div>\n\t\t<div class=\"elementor-element elementor-element-17c94f4 e-con-full e-flex e-con e-child\" data-id=\"17c94f4\" data-element_type=\"container\" data-e-type=\"container\">\n\t\t\t\t<div class=\"elementor-element elementor-element-d416073 elementor-align-center sc_fly_static elementor-widget elementor-widget-button\" data-id=\"d416073\" data-element_type=\"widget\" data-e-type=\"widget\" data-widget_type=\"button.default\">\n\t\t\t\t<div class=\"elementor-widget-container\">\n\t\t\t\t\t\t\t\t\t<div class=\"elementor-button-wrapper\">\n\t\t\t\t\t<a class=\"elementor-button elementor-button-link elementor-size-md\" href=\"https:\/\/adv3dprint.com\/es\/\">\n\t\t\t\t\t\t<span class=\"elementor-button-content-wrapper\">\n\t\t\t\t\t\t\t\t\t<span class=\"elementor-button-text\">Volver al sitio web<\/span>\n\t\t\t\t\t<\/span>\n\t\t\t\t\t<\/a>\n\t\t\t\t<\/div>\n\t\t\t\t\t\t\t\t<\/div>\n\t\t\t\t<\/div>\n\t\t\t\t<\/div>\n\t\t<div class=\"elementor-element elementor-element-213eb09 e-con-full e-flex e-con e-child\" data-id=\"213eb09\" data-element_type=\"container\" data-e-type=\"container\">\n\t\t\t\t<\/div>\n\t\t\t\t\t<\/div>\n\t\t\t\t<\/div>\n\t\t\t\t<\/div>","protected":false},"excerpt":{"rendered":"<p>Obrigado por subscrever a nossa newsletter! Estamos animados por t\u00ea-lo(a) a bordo para receber conte\u00fado exclusivo, atualiza\u00e7\u00f5es e ofertas especiais diretamente na sua caixa de entrada. Seja bem-vindo(a) \u00e0 Advanced&hellip;<\/p>","protected":false},"author":1,"featured_media":0,"parent":0,"menu_order":0,"comment_status":"closed","ping_status":"closed","template":"","meta":{"footnotes":""},"class_list":["post-24414","page","type-page","status-publish","hentry"],"_links":{"self":[{"href":"https:\/\/adv3dprint.com\/es\/wp-json\/wp\/v2\/pages\/24414","targetHints":{"allow":["GET"]}}],"collection":[{"href":"https:\/\/adv3dprint.com\/es\/wp-json\/wp\/v2\/pages"}],"about":[{"href":"https:\/\/adv3dprint.com\/es\/wp-json\/wp\/v2\/types\/page"}],"author":[{"embeddable":true,"href":"https:\/\/adv3dprint.com\/es\/wp-json\/wp\/v2\/users\/1"}],"replies":[{"embeddable":true,"href":"https:\/\/adv3dprint.com\/es\/wp-json\/wp\/v2\/comments?post=24414"}],"version-history":[{"count":4,"href":"https:\/\/adv3dprint.com\/es\/wp-json\/wp\/v2\/pages\/24414\/revisions"}],"predecessor-version":[{"id":24420,"href":"https:\/\/adv3dprint.com\/es\/wp-json\/wp\/v2\/pages\/24414\/revisions\/24420"}],"wp:attachment":[{"href":"https:\/\/adv3dprint.com\/es\/wp-json\/wp\/v2\/media?parent=24414"}],"curies":[{"name":"wp","href":"https:\/\/api.w.org\/{rel}","templated":true}]}}